{"id":44,"date":"2023-04-07T16:39:28","date_gmt":"2023-04-07T19:39:28","guid":{"rendered":"http:\/\/ayub.com.br\/?page_id=44"},"modified":"2023-04-08T14:23:40","modified_gmt":"2023-04-08T17:23:40","slug":"belos-portfolios-para-criativos-excepcionais-2","status":"publish","type":"page","link":"https:\/\/ayub.com.br\/","title":{"rendered":"ADVOGADOS ASSOCIADOS"},"content":{"rendered":"\n<p>A Advocacia Ayub \u00e9 um escrit\u00f3rio composto por profissionais capacitados para atuar nas mais diversas \u00e1reas do Direito. Instalado h\u00e1 quase 40 anos em Bauru e  Araraquara, presta servi\u00e7os de assist\u00eancia e assessoria aos principais segmentos das esferas administrativas e judiciais, com especialidade no Direito Civil, Criminal, Fam\u00edlia, Previdenci\u00e1rio e Tribut\u00e1rio, defendendo os interesses de seus clientes em todos os  f\u00f3runs e tribunais do Pa\u00eds. <\/p>\n\n\n\n<p><meta charset=\"utf-8\"><\/p>\n\n\n\n<div style=\"height:55px\" aria-hidden=\"true\" class=\"wp-block-spacer\"><\/div>\n\n\n\n<div class=\"wp-block-group alignfull has-background is-layout-flow\" style=\"background-color:#e5e9ec\"><div class=\"wp-block-group__inner-container\">\n<div class=\"wp-block-columns is-layout-flex wp-container-3\">\n<div class=\"wp-block-column is-vertically-aligned-center is-layout-flow\">\n<h2 class=\"wp-block-heading\">QUEM SOMOS <\/h2>\n\n\n\n<p>.\u00c9 com orgulho e satisfa\u00e7\u00e3o que apresentamos nosso escrit\u00f3rio, onde buscamos uma presta\u00e7\u00e3o de servi\u00e7os de elevado padr\u00e3o, primando pela personaliza\u00e7\u00e3o do atendimento aliado a alto rigor \u00e9tico, ideais inspirados nos princ\u00edpios defendidos por seu idealizador, representando departamentos jur\u00eddicos de v\u00e1rias Empresas e Pessoas F\u00edsicas de Araraquara, Bauru, e regi\u00e3o, buscando sempre um atendimento de elevada t\u00e9cnica onde a prepara\u00e7\u00e3o de seus profissionais \u00e9 destaque pelas constantes atualiza\u00e7\u00f5es e busca de novos conhecimentos, formado por corpo de advogados que abra\u00e7am a advocacia com dedica\u00e7\u00e3o e amor ao labor jur\u00eddico.Instalado em pr\u00e9dio pr\u00f3prio, informatizado, com copiadora, fax, internet, salas de reuni\u00e3o com retroprojetores, estamos aptos e capacitados para bem atender nossos clientes em Araraquara, Bauru e grande regi\u00e3o, otimizando e aproximando a rela\u00e7\u00e3o advogado-cliente.<\/p>\n<\/div>\n\n\n\n<div class=\"wp-block-column is-layout-flow\">\n<div style=\"height:48px\" aria-hidden=\"true\" class=\"wp-block-spacer\"><\/div>\n\n\n\n<figure class=\"wp-block-image size-full\"><img decoding=\"async\" loading=\"lazy\" width=\"382\" height=\"510\" src=\"https:\/\/ayub.com.br\/wp-content\/uploads\/2023\/04\/Adv.jpg\" alt=\"\" class=\"wp-image-77\" srcset=\"https:\/\/ayub.com.br\/wp-content\/uploads\/2023\/04\/Adv.jpg 382w, https:\/\/ayub.com.br\/wp-content\/uploads\/2023\/04\/Adv-225x300.jpg 225w\" sizes=\"(max-width: 382px) 100vw, 382px\" \/><\/figure>\n<\/div>\n<\/div>\n<\/div><\/div>\n\n\n\n<div class=\"wp-block-group alignfull is-layout-flow\"><div class=\"wp-block-group__inner-container\">\n<div class=\"wp-block-columns are-vertically-aligned-center is-layout-flex wp-container-8\">\n<div class=\"wp-block-column is-vertically-aligned-center is-layout-flow\">\n<figure class=\"wp-block-image size-full\"><img decoding=\"async\" loading=\"lazy\" width=\"225\" height=\"225\" src=\"https:\/\/ayub.com.br\/wp-content\/uploads\/2023\/04\/images.jpg\" alt=\"\" class=\"wp-image-78\" srcset=\"https:\/\/ayub.com.br\/wp-content\/uploads\/2023\/04\/images.jpg 225w, https:\/\/ayub.com.br\/wp-content\/uploads\/2023\/04\/images-150x150.jpg 150w\" sizes=\"(max-width: 225px) 100vw, 225px\" \/><\/figure>\n\n\n\n<div style=\"height:48px\" aria-hidden=\"true\" class=\"wp-block-spacer\"><\/div>\n<\/div>\n\n\n\n<div class=\"wp-block-column is-vertically-aligned-center is-layout-flow\">\n<h2 class=\"wp-block-heading\">\u00c1REAS DE ATUA\u00c7\u00c3O <\/h2>\n\n\n\n<ul>\n<li>Direito Civil<\/li>\n\n\n\n<li>Direito Penal<\/li>\n\n\n\n<li>Direito de Fam\u00edlia <\/li>\n\n\n\n<li>Direito Comercial <\/li>\n\n\n\n<li>Direito Processual <\/li>\n\n\n\n<li>Direito Administrativo <\/li>\n\n\n\n<li>Direito Tribut\u00e1rio <\/li>\n\n\n\n<li>Direito do Consumidor <\/li>\n\n\n\n<li>Assist\u00eancia e consultoria jur\u00eddica<\/li>\n<\/ul>\n\n\n\n<div class=\"wp-block-buttons is-layout-flex\"><\/div>\n<\/div>\n<\/div>\n<\/div><\/div>\n\n\n\n<div class=\"wp-block-group alignfull has-black-background-color has-background is-layout-flow\"><div class=\"wp-block-group__inner-container\">\n<figure class=\"wp-block-gallery aligncenter has-nested-images columns-default is-cropped wp-block-gallery-10 is-layout-flex\">\n<figure class=\"wp-block-image size-full\"><img decoding=\"async\" loading=\"lazy\" width=\"225\" height=\"225\" src=\"https:\/\/ayub.com.br\/wp-content\/uploads\/2023\/04\/images-1.jpg\" alt=\"\" class=\"wp-image-79\" srcset=\"https:\/\/ayub.com.br\/wp-content\/uploads\/2023\/04\/images-1.jpg 225w, https:\/\/ayub.com.br\/wp-content\/uploads\/2023\/04\/images-1-150x150.jpg 150w\" sizes=\"(max-width: 225px) 100vw, 225px\" \/><\/figure>\n\n\n\n<figure class=\"wp-block-image size-full\"><img decoding=\"async\" loading=\"lazy\" width=\"275\" height=\"183\" src=\"https:\/\/ayub.com.br\/wp-content\/uploads\/2023\/04\/Sem-titulo.jpg\" alt=\"\" class=\"wp-image-80\"\/><\/figure>\n\n\n\n<figure class=\"wp-block-image size-full\"><img decoding=\"async\" loading=\"lazy\" width=\"275\" height=\"183\" src=\"https:\/\/ayub.com.br\/wp-content\/uploads\/2023\/04\/2.jpg\" alt=\"\" class=\"wp-image-81\"\/><\/figure>\n\n\n\n<figure class=\"wp-block-image size-full\"><img decoding=\"async\" loading=\"lazy\" width=\"275\" height=\"183\" src=\"https:\/\/ayub.com.br\/wp-content\/uploads\/2023\/04\/3.jpg\" alt=\"\" class=\"wp-image-82\"\/><\/figure>\n\n\n\n<figure class=\"wp-block-image size-full\"><img decoding=\"async\" loading=\"lazy\" width=\"960\" height=\"640\" src=\"https:\/\/ayub.com.br\/wp-content\/uploads\/2023\/04\/4.webp\" alt=\"\" class=\"wp-image-83\" srcset=\"https:\/\/ayub.com.br\/wp-content\/uploads\/2023\/04\/4.webp 960w, https:\/\/ayub.com.br\/wp-content\/uploads\/2023\/04\/4-300x200.webp 300w, https:\/\/ayub.com.br\/wp-content\/uploads\/2023\/04\/4-768x512.webp 768w\" sizes=\"(max-width: 960px) 100vw, 960px\" \/><\/figure>\n\n\n\n<figure class=\"wp-block-image size-large\"><img decoding=\"async\" loading=\"lazy\" width=\"1024\" height=\"614\" src=\"https:\/\/ayub.com.br\/wp-content\/uploads\/2023\/04\/cropped-ayub-1024x614.jpg\" alt=\"\" class=\"wp-image-71\" srcset=\"https:\/\/ayub.com.br\/wp-content\/uploads\/2023\/04\/cropped-ayub-1024x614.jpg 1024w, https:\/\/ayub.com.br\/wp-content\/uploads\/2023\/04\/cropped-ayub-300x180.jpg 300w, https:\/\/ayub.com.br\/wp-content\/uploads\/2023\/04\/cropped-ayub-768x461.jpg 768w, https:\/\/ayub.com.br\/wp-content\/uploads\/2023\/04\/cropped-ayub-1536x922.jpg 1536w, https:\/\/ayub.com.br\/wp-content\/uploads\/2023\/04\/cropped-ayub.jpg 2000w\" sizes=\"(max-width: 1024px) 100vw, 1024px\" \/><\/figure>\n<\/figure>\n<\/div><\/div>\n\n\n\n<div class=\"wp-block-cover alignfull has-parallax is-position-center-center\" style=\"min-height:375px\"><span aria-hidden=\"true\" class=\"wp-block-cover__background has-black-background-color has-background-dim-40 has-background-dim\"><\/span><div role=\"img\" class=\"wp-block-cover__image-background wp-image-24 has-parallax\" style=\"background-position:50% 50%;background-image:url(https:\/\/ayub.com.br\/wp-content\/themes\/inspiro\/assets\/images\/StockSnap_89BQZ89TLH.jpg)\"><\/div><div class=\"wp-block-cover__inner-container\">\n<p class=\"has-text-align-center has-text-color has-huge-font-size\" style=\"color:#fffffa;line-height:1.1\">ADVOCACIA AYUB<\/p>\n\n\n\n<p class=\"has-text-align-center\"><\/p>\n\n\n\n<div style=\"height:39px\" aria-hidden=\"true\" class=\"wp-block-spacer\"><\/div>\n<\/div><\/div>\n","protected":false},"excerpt":{"rendered":"<p>A Advocacia Ayub \u00e9 um escrit\u00f3rio composto por profissionais capacitados para atuar nas mais diversas \u00e1reas do Direito. Instalado h\u00e1 quase 40 anos em Bauru e Araraquara, presta servi\u00e7os de assist\u00eancia e assessoria aos principais segmentos das esferas administrativas e judiciais, com especialidade no Direito Civil, Criminal, Fam\u00edlia, Previdenci\u00e1rio e Tribut\u00e1rio, defendendo os interesses de &hellip; <\/p>\n<p class=\"link-more\"><a href=\"https:\/\/ayub.com.br\/\" class=\"more-link\">Read more<span class=\"screen-reader-text\"> &#8220;ADVOGADOS ASSOCIADOS&#8221;<\/span><\/a><\/p>\n","protected":false},"author":1,"featured_media":71,"parent":0,"menu_order":0,"comment_status":"closed","ping_status":"closed","template":"","meta":[],"_links":{"self":[{"href":"https:\/\/ayub.com.br\/index.php\/wp-json\/wp\/v2\/pages\/44"}],"collection":[{"href":"https:\/\/ayub.com.br\/index.php\/wp-json\/wp\/v2\/pages"}],"about":[{"href":"https:\/\/ayub.com.br\/index.php\/wp-json\/wp\/v2\/types\/page"}],"author":[{"embeddable":true,"href":"https:\/\/ayub.com.br\/index.php\/wp-json\/wp\/v2\/users\/1"}],"replies":[{"embeddable":true,"href":"https:\/\/ayub.com.br\/index.php\/wp-json\/wp\/v2\/comments?post=44"}],"version-history":[{"count":12,"href":"https:\/\/ayub.com.br\/index.php\/wp-json\/wp\/v2\/pages\/44\/revisions"}],"predecessor-version":[{"id":107,"href":"https:\/\/ayub.com.br\/index.php\/wp-json\/wp\/v2\/pages\/44\/revisions\/107"}],"wp:featuredmedia":[{"embeddable":true,"href":"https:\/\/ayub.com.br\/index.php\/wp-json\/wp\/v2\/media\/71"}],"wp:attachment":[{"href":"https:\/\/ayub.com.br\/index.php\/wp-json\/wp\/v2\/media?parent=44"}],"curies":[{"name":"wp","href":"https:\/\/api.w.org\/{rel}","templated":true}]}}